{"id":479,"date":"2016-08-09T21:37:21","date_gmt":"2016-08-09T19:37:21","guid":{"rendered":"http:\/\/huesch.janna-live.de\/?page_id=479"},"modified":"2016-08-09T22:40:57","modified_gmt":"2016-08-09T20:40:57","slug":"allgemeines","status":"publish","type":"page","link":"https:\/\/www.songs-of-heimat.de\/index.php\/allgemeines\/","title":{"rendered":"Allgemeines"},"content":{"rendered":"<p style=\"text-align: justify;\"><span style=\"font-family: verdana, geneva, sans-serif; font-size: 10pt;\">Sehr geehrte Veranstalter,<\/span><\/p>\n<p style=\"text-align: justify;\"><span style=\"font-family: verdana, geneva, sans-serif; font-size: 10pt;\">wenn Sie mit H\u00fcSCH! ein Konzert durchf\u00fchren m\u00f6chten, finden Sie hier alle erforderlichen Unterlagen.\u00a0Damit auch Ihr\u00a0Konzert\u00a0zu einem Erfolg wird, empfehlen wir Ihnen, die AGB und die Vertr\u00e4ge genau zu lesen. Das trifft, falls Sie selbst die Technik stellen wollen, auch auf den Technikplan zu, den Sie in dieser Rubrik der Website finden. Gibt es Bedingungen, die Sie nicht erf\u00fcllen k\u00f6nnen, nehmen Sie mit uns pers\u00f6nlich Kontakt auf. Bisher fanden wir f\u00fcr jedes Problem eine f\u00fcr alle Seiten akzeptable L\u00f6sung.<\/span><\/p>\n<p style=\"text-align: justify;\"><span style=\"font-family: verdana, geneva, sans-serif; font-size: 10pt;\"><strong>1. Einsatzdauer:\u00a0<\/strong>H\u00fcSCH! ist immer darum bem\u00fcht, alle W\u00fcnsche der Veranstalter zu ber\u00fccksichtigen. Bitte haben Sie aber Verst\u00e4ndnis daf\u00fcr, dass die Band nicht f\u00fcr Barmusik\/Hintergrundmusik zur Verf\u00fcgung steht. Wir bieten unseren Veranstaltern eine anspruchsvolles Konzert, das\u00a0in der\u00a0L\u00e4nge variabel ist, aber nicht als Dauerbeschallung gedacht ist.\u00a0<\/span><\/p>\n<p style=\"text-align: justify;\"><span style=\"font-family: verdana, geneva, sans-serif; font-size: 10pt;\"><strong>2. Inhalt der Konzerte:<\/strong> Die Musiker von H\u00fcSCH! sind\u00a0in der Gestaltung ihres\u00a0Programmes frei. Gespielt werden Neuinterpretationen traditioneller Lieder und Eigenkompositionen.<\/span><\/p>\n<p style=\"text-align: justify;\"><span style=\"font-family: verdana, geneva, sans-serif; font-size: 10pt;\"><strong>3. Zeit f\u00fcr Soundcheck:<\/strong> Bitte bedenken Sie bei Ihrer Planung, dass die Band eine bestimmte Zeit zum Aufbau und f\u00fcr einen Soundcheck ben\u00f6tigt. Die exakte L\u00e4nge der Auf- und Abbauzeiten h\u00e4ngt von verschieden Faktoren ab. Fragen Sie uns hierzu im Vorfeld der Planung! Sofern m\u00f6glich, sollte der Soundcheck ohne Publikum stattfinden k\u00f6nnen. Spielt die Band mit eigener Technik, dauert der Soundcheck inklusive Aufbau ca. eine Stunde.<\/span><\/p>\n<p style=\"text-align: justify;\"><span style=\"font-family: verdana, geneva, sans-serif; font-size: 10pt;\"><strong>4. Licht:<\/strong> Ein vern\u00fcnftiges B\u00fchnenlicht ist ein wichtiger Bestandteil einer B\u00fchnenshow.\u00a0<\/span><\/p>\n<p style=\"text-align: justify;\"><span style=\"font-family: verdana, geneva, sans-serif; font-size: 10pt;\"><strong>5. Werbung: <\/strong>Werbung ist eine wichtige Voraussetzung f\u00fcr den erfolgreichen Verlauf eines Konzerts. Wir unterst\u00fctzen Sie gern mit Plakaten Flyern und Eintrittskarten. Bitte haben Sie Verst\u00e4ndnis daf\u00fcr, dass wir diese nur in Ausnahmef\u00e4llen kostenlos abgeben k\u00f6nnen. Wir geben aber Werbematerialien grunds\u00e4tzlich zum Selbstkostenpreis plus Porto ab. Beispiel: 100 Plakate A1 30,- \u20ac, 100 Plakate A2 15,- \u20ac und 1000 Flyer A6 30,- \u20ac. (Angaben brutto und ohne Porto, \u00c4nderungen vorbehalten) Wollen Sie selbst Plakate drucken, k\u00f6nnen wir Ihnen f\u00fcr Ihre Veranstaltung angepasste Layouts kostenlos zur Verf\u00fcgung stellen.<\/span><\/p>\n<p style=\"text-align: justify;\"><span style=\"font-family: verdana, geneva, sans-serif; font-size: 10pt;\"><strong>6. Unterbringung der K\u00fcnstler: <\/strong>Wird eine Unterkunft ben\u00f6tigt, brauchen wir 4 Schlafpl\u00e4tze. Das kann auch, um Kosten zu sparen, in der n\u00e4heren Umgebung sein. Bitte bedenken Sie aber, dass die Band am Ende eines Konzerts oft bereits 12 und mehr Stunden unterwegs ist und damit Fahrten zur Unterkunft l\u00e4nger als 20 min. vermieden werden sollten.<\/span><\/p>\n<p style=\"text-align: justify;\"><span style=\"font-family: verdana, geneva, sans-serif; font-size: 10pt;\"><strong>7. Cate<\/strong><strong>rin<\/strong><strong>g: <\/strong>Im Vertrag ist immer Catering vereinbart. In der Regel sind dies eine warme Mahlzeit f\u00fcr jeden Musiker und freie Getr\u00e4nke, nach R\u00fccksprache sind unter Umst\u00e4nden auch belegte Br\u00f6tchen ausreichend. Sprechen Sie Cateringzeit und -umfang erst einige Tage vor dem Konzert mit uns ab, da diese davon abh\u00e4ngig sind, von wo die Band anreist und wie lange sie schon unterwegs ist.<\/span><\/p>\n<p style=\"text-align: justify;\"><span style=\"font-family: verdana, geneva, sans-serif; font-size: 10pt;\"><strong>8. Internet:<\/strong> Ver\u00f6ffentlichen Sie unsere Konzerte langfristig auf Ihrer Website! Die Band ist mittlerweile in ganz Deutschland so bekannt, dass sich immer Fans finden werden, die Ihre Ver\u00f6ffentlichung dankbar zur Kenntnis nehmen.<\/span><\/p>\n","protected":false},"excerpt":{"rendered":"<p>Sehr geehrte Veranstalter, wenn Sie mit H\u00fcSCH! ein Konzert durchf\u00fchren m\u00f6chten, finden Sie hier alle erforderlichen Unterlagen.\u00a0Damit auch Ihr\u00a0Konzert\u00a0zu einem Erfolg wird, empfehlen wir Ihnen, die AGB und die Vertr\u00e4ge genau zu lesen. Das trifft, falls Sie selbst die Technik stellen wollen, auch auf den Technikplan zu, den Sie in dieser Rubrik der Website finden. &hellip; <\/p>\n<p><a class=\"more-link btn\" href=\"https:\/\/www.songs-of-heimat.de\/index.php\/allgemeines\/\">Weiterlesen<\/a><\/p>\n","protected":false},"author":2,"featured_media":0,"parent":0,"menu_order":0,"comment_status":"closed","ping_status":"closed","template":"","meta":{"footnotes":""},"class_list":["post-479","page","type-page","status-publish","hentry","nodate","item-wrap"],"_links":{"self":[{"href":"https:\/\/www.songs-of-heimat.de\/index.php\/wp-json\/wp\/v2\/pages\/479","targetHints":{"allow":["GET"]}}],"collection":[{"href":"https:\/\/www.songs-of-heimat.de\/index.php\/wp-json\/wp\/v2\/pages"}],"about":[{"href":"https:\/\/www.songs-of-heimat.de\/index.php\/wp-json\/wp\/v2\/types\/page"}],"author":[{"embeddable":true,"href":"https:\/\/www.songs-of-heimat.de\/index.php\/wp-json\/wp\/v2\/users\/2"}],"replies":[{"embeddable":true,"href":"https:\/\/www.songs-of-heimat.de\/index.php\/wp-json\/wp\/v2\/comments?post=479"}],"version-history":[{"count":3,"href":"https:\/\/www.songs-of-heimat.de\/index.php\/wp-json\/wp\/v2\/pages\/479\/revisions"}],"predecessor-version":[{"id":507,"href":"https:\/\/www.songs-of-heimat.de\/index.php\/wp-json\/wp\/v2\/pages\/479\/revisions\/507"}],"wp:attachment":[{"href":"https:\/\/www.songs-of-heimat.de\/index.php\/wp-json\/wp\/v2\/media?parent=479"}],"curies":[{"name":"wp","href":"https:\/\/api.w.org\/{rel}","templated":true}]}}