{"id":325,"date":"2016-07-27T20:25:49","date_gmt":"2016-07-27T18:25:49","guid":{"rendered":"http:\/\/huesch.janna-live.de\/?page_id=325"},"modified":"2018-07-29T14:45:32","modified_gmt":"2018-07-29T12:45:32","slug":"nico-schneider","status":"publish","type":"page","link":"https:\/\/www.songs-of-heimat.de\/index.php\/nico-schneider\/","title":{"rendered":"Nico Schneider"},"content":{"rendered":"<p><img loading=\"lazy\" decoding=\"async\" class=\"alignnone size-medium wp-image-326\" src=\"https:\/\/www.songs-of-heimat.de\/wp-content\/uploads\/2016\/07\/DSC_2692-300x200.jpg\" alt=\"DSC_2692\" width=\"300\" height=\"200\" \/><\/p>\n<p><span style=\"color: #800000;\"><strong><span class=\"text\" style=\"font-size: 10pt; font-family: verdana, geneva, sans-serif;\">Gesang, Banjo, Gitarre, Waldzither, Maultrommel<\/span><\/strong><\/span><\/p>\n<p style=\"text-align: justify;\"><span style=\"font-family: verdana, geneva, sans-serif; font-size: 10pt;\"><strong><span style=\"color: #800000;\">Nico Schneider<\/span><\/strong> stammt aus der kleinen Stadt Zella-Mehlis im Th\u00fcringer Wald, wo er schon fr\u00fch mit diversen Arten heimischer Folklore in Kontakt kam. Sein Gro\u00dfvater war blind und spielte verschiedene Instrumente nach dem Geh\u00f6r. Sein Enkel eiferte ihm schon fr\u00fch nach und versuchte sich bereits als Kind auf allerlei Instrumenten. Auf den Bergh\u00fctten seiner Heimat lernte er schon als Jugendlicher regionale Lieder zu singen und auf Instrumenten wie Waldzither oder Maultrommel zu musizieren. <\/span><\/p>\n<p style=\"text-align: justify;\"><span style=\"font-family: verdana, geneva, sans-serif; font-size: 10pt;\">Dann zog es ihn in die Fremde und das Banjo,Gitarre und der schottische Dudelsack kamen hinzu. Mit seiner Irish Folk Band &#8222;Seldom Sober Company&#8220; hat er seit 2003 weit \u00fcber 1000 Konzerte im In- und Ausland absolviert, drei CDs aufgenommen und als Gastmusiker bei diversen anderen Cd-Produktionen, H\u00f6rspiel und Filmmusik mitgewirkt. <\/span><\/p>\n<p style=\"text-align: justify;\"><span style=\"font-family: verdana, geneva, sans-serif; font-size: 10pt;\">Im Jahr 2011 war er Mitbegr\u00fcnder von Deutschlands erster &#8222;Folkmusikschule&#8220; in Halle an der Saale und unterrichtet dort Banjo, Dudelsack und Waldzither. Au\u00dferdem baut Nico auch selbst qualitativ hochwertige Banjos, die unter anderem von der irischen Band &#8222;The Dubliners&#8220; gespielt wurden.<\/span><\/p>\n<p><span style=\"color: #800000;\"><strong><span style=\"font-family: verdana, geneva, sans-serif; font-size: 10pt;\">Bisher ver\u00f6ffentlichte CDs:<\/span><\/strong><\/span><\/p>\n<p><img loading=\"lazy\" decoding=\"async\" class=\"alignnone wp-image-332 size-thumbnail\" src=\"https:\/\/www.songs-of-heimat.de\/wp-content\/uploads\/2016\/07\/SSC3-150x150.jpg\" alt=\"SSC3\" width=\"150\" height=\"150\" \/><img loading=\"lazy\" decoding=\"async\" class=\"wp-image-331 size-thumbnail alignleft\" src=\"https:\/\/www.songs-of-heimat.de\/wp-content\/uploads\/2016\/07\/SSC2-150x150.jpg\" alt=\"SSC2\" width=\"150\" height=\"150\" \/> <img loading=\"lazy\" decoding=\"async\" class=\"alignnone size-full wp-image-330\" src=\"https:\/\/www.songs-of-heimat.de\/wp-content\/uploads\/2016\/07\/SSC-1-e1469644369970.jpg\" alt=\"SSC 1\" width=\"150\" height=\"153\" \/> <img loading=\"lazy\" decoding=\"async\" class=\"alignnone size-thumbnail wp-image-339\" src=\"https:\/\/www.songs-of-heimat.de\/wp-content\/uploads\/2016\/07\/FJ-150x150.jpg\" alt=\"FJ\" width=\"150\" height=\"150\" \/>\u00a0<img loading=\"lazy\" decoding=\"async\" class=\"alignnone size-medium wp-image-338\" src=\"https:\/\/www.songs-of-heimat.de\/wp-content\/uploads\/2016\/07\/SS-e1469644300855.jpg\" alt=\"SS\" width=\"150\" height=\"148\" \/> <img loading=\"lazy\" decoding=\"async\" class=\"alignnone size-medium wp-image-337\" src=\"https:\/\/www.songs-of-heimat.de\/wp-content\/uploads\/2016\/07\/RT1-e1469644310681.jpg\" alt=\"RT1\" width=\"150\" height=\"150\" \/> <img loading=\"lazy\" decoding=\"async\" class=\"alignnone size-medium wp-image-336\" src=\"https:\/\/www.songs-of-heimat.de\/wp-content\/uploads\/2016\/07\/DS-e1469644322749.jpg\" alt=\"DS\" width=\"150\" height=\"150\" \/><img loading=\"lazy\" decoding=\"async\" class=\"alignnone wp-image-335 size-thumbnail\" src=\"https:\/\/www.songs-of-heimat.de\/wp-content\/uploads\/2016\/07\/cd-jo7-1-150x150.jpg\" alt=\"cd-jo7\" width=\"150\" height=\"150\" \/> <img loading=\"lazy\" decoding=\"async\" class=\"alignnone size-medium wp-image-334\" src=\"https:\/\/www.songs-of-heimat.de\/wp-content\/uploads\/2016\/07\/TG2.jpg\" alt=\"TG2\" width=\"150\" height=\"150\" \/> <img loading=\"lazy\" decoding=\"async\" class=\"alignnone wp-image-333\" src=\"https:\/\/www.songs-of-heimat.de\/wp-content\/uploads\/2016\/07\/TG1.jpg\" alt=\"TG1\" width=\"150\" height=\"150\" \/><\/p>\n<p><strong><span style=\"text-decoration: underline; color: #800000; font-size: 12pt; font-family: verdana, geneva, sans-serif;\"><a style=\"color: #800000; text-decoration: underline;\" href=\"http:\/\/www.banjoman.de\" target=\"_blank\">Zur Website von Nico Schneider<\/a><\/span><\/strong><\/p>\n<p>&nbsp;<\/p>\n","protected":false},"excerpt":{"rendered":"<p>Gesang, Banjo, Gitarre, Waldzither, Maultrommel Nico Schneider stammt aus der kleinen Stadt Zella-Mehlis im Th\u00fcringer Wald, wo er schon fr\u00fch mit diversen Arten heimischer Folklore in Kontakt kam. Sein Gro\u00dfvater war blind und spielte verschiedene Instrumente nach dem Geh\u00f6r. Sein Enkel eiferte ihm schon fr\u00fch nach und versuchte sich bereits als Kind auf allerlei Instrumenten. &hellip; <\/p>\n<p><a class=\"more-link btn\" href=\"https:\/\/www.songs-of-heimat.de\/index.php\/nico-schneider\/\">Weiterlesen<\/a><\/p>\n","protected":false},"author":2,"featured_media":0,"parent":0,"menu_order":0,"comment_status":"closed","ping_status":"closed","template":"","meta":{"footnotes":""},"class_list":["post-325","page","type-page","status-publish","hentry","nodate","item-wrap"],"_links":{"self":[{"href":"https:\/\/www.songs-of-heimat.de\/index.php\/wp-json\/wp\/v2\/pages\/325","targetHints":{"allow":["GET"]}}],"collection":[{"href":"https:\/\/www.songs-of-heimat.de\/index.php\/wp-json\/wp\/v2\/pages"}],"about":[{"href":"https:\/\/www.songs-of-heimat.de\/index.php\/wp-json\/wp\/v2\/types\/page"}],"author":[{"embeddable":true,"href":"https:\/\/www.songs-of-heimat.de\/index.php\/wp-json\/wp\/v2\/users\/2"}],"replies":[{"embeddable":true,"href":"https:\/\/www.songs-of-heimat.de\/index.php\/wp-json\/wp\/v2\/comments?post=325"}],"version-history":[{"count":15,"href":"https:\/\/www.songs-of-heimat.de\/index.php\/wp-json\/wp\/v2\/pages\/325\/revisions"}],"predecessor-version":[{"id":678,"href":"https:\/\/www.songs-of-heimat.de\/index.php\/wp-json\/wp\/v2\/pages\/325\/revisions\/678"}],"wp:attachment":[{"href":"https:\/\/www.songs-of-heimat.de\/index.php\/wp-json\/wp\/v2\/media?parent=325"}],"curies":[{"name":"wp","href":"https:\/\/api.w.org\/{rel}","templated":true}]}}