{"id":291,"date":"2016-07-27T20:00:13","date_gmt":"2016-07-27T18:00:13","guid":{"rendered":"http:\/\/huesch.janna-live.de\/?page_id=291"},"modified":"2018-07-29T14:38:26","modified_gmt":"2018-07-29T12:38:26","slug":"hanna-flock","status":"publish","type":"page","link":"https:\/\/www.songs-of-heimat.de\/index.php\/hanna-flock\/","title":{"rendered":"Hanna Flock"},"content":{"rendered":"<p><img loading=\"lazy\" decoding=\"async\" class=\"alignnone size-medium wp-image-324\" src=\"http:\/\/huesch.janna-live.de\/wp-content\/uploads\/2016\/07\/11154884_350900691766660_308043720561362232_o-1-300x225.jpg\" alt=\"11154884_350900691766660_308043720561362232_o\" width=\"300\" height=\"225\" srcset=\"https:\/\/www.songs-of-heimat.de\/wp-content\/uploads\/2016\/07\/11154884_350900691766660_308043720561362232_o-1-300x225.jpg 300w, https:\/\/www.songs-of-heimat.de\/wp-content\/uploads\/2016\/07\/11154884_350900691766660_308043720561362232_o-1-768x576.jpg 768w, https:\/\/www.songs-of-heimat.de\/wp-content\/uploads\/2016\/07\/11154884_350900691766660_308043720561362232_o-1-1024x768.jpg 1024w, https:\/\/www.songs-of-heimat.de\/wp-content\/uploads\/2016\/07\/11154884_350900691766660_308043720561362232_o-1.jpg 1261w\" sizes=\"auto, (max-width: 300px) 100vw, 300px\" \/><\/p>\n<h1 class=\"text\"><strong><span style=\"color: #800000; font-family: verdana, geneva, sans-serif; font-size: 10pt;\">Gesang, Piano, Fl\u00f6ten, Cajon<\/span><\/strong><\/h1>\n<p style=\"text-align: justify;\"><span style=\"font-family: verdana, geneva, sans-serif; font-size: 10pt;\">Die S\u00e4ngerin <strong><span style=\"color: #800000;\">Hanna Flock<\/span><\/strong> geh\u00f6rt zu den bemerkenswertesten K\u00fcnstlerinnen der Th\u00fcringer Musikszene. Ihre einzigartige, immer wieder bewunderte Stimme ist vollt\u00f6nend, warm und je nach St\u00fcck extrem variabel im Ausdruck. Ob nat\u00fcrlich und klar, soulig phrasierend oder bluesig verraucht. Auch an Klavier, Percussion und Fl\u00f6ten verleiht sie H\u00fcSCH! einen einzigartigen Sound.<\/span><\/p>\n<p style=\"text-align: justify;\"><span style=\"font-family: verdana, geneva, sans-serif; font-size: 10pt;\">W\u00e4hrend ihres Musikstudiums an der Hochschule f\u00fcr Musik &#8222;Franz Liszt&#8220; Weimar entstanden zahlreiche eigene Interpretationen und Arrangements von Gospels, Spirituals, Folk- und Popsongs f\u00fcr Chor und eigene Programme.<\/span><\/p>\n<p><span style=\"color: #800000;\"><strong><span style=\"font-family: verdana, geneva, sans-serif; font-size: 10pt;\">Bisher ver\u00f6ffentlichte CDs:<\/span><\/strong><\/span><\/p>\n<p><img loading=\"lazy\" decoding=\"async\" class=\"alignnone size-full wp-image-313\" src=\"https:\/\/www.songs-of-heimat.de\/wp-content\/uploads\/2016\/07\/cd-janna3-1.jpg\" alt=\"cd-janna3\" width=\"75\" height=\"75\" \/> <img loading=\"lazy\" decoding=\"async\" class=\"alignnone size-full wp-image-311\" src=\"https:\/\/www.songs-of-heimat.de\/wp-content\/uploads\/2016\/07\/cd-janna1-1.png\" alt=\"cd-janna1\" width=\"75\" height=\"75\" \/> <img loading=\"lazy\" decoding=\"async\" class=\"alignnone size-full wp-image-312\" src=\"https:\/\/www.songs-of-heimat.de\/wp-content\/uploads\/2016\/07\/cd-janna2-1.jpg\" alt=\"cd-janna2\" width=\"75\" height=\"75\" \/><\/p>\n<p><span style=\"text-decoration: underline; color: #800000;\"><strong><span style=\"font-family: verdana, geneva, sans-serif; font-size: 12pt;\"><a style=\"color: #800000; text-decoration: underline;\" href=\"http:\/\/www.janna-live.de\" target=\"_blank\">Zur Website von Hanna Flock und Joachim Rosenbr\u00fcck<\/a><\/span><\/strong><\/span><\/p>\n","protected":false},"excerpt":{"rendered":"<p>Gesang, Piano, Fl\u00f6ten, Cajon Die S\u00e4ngerin Hanna Flock geh\u00f6rt zu den bemerkenswertesten K\u00fcnstlerinnen der Th\u00fcringer Musikszene. Ihre einzigartige, immer wieder bewunderte Stimme ist vollt\u00f6nend, warm und je nach St\u00fcck extrem variabel im Ausdruck. Ob nat\u00fcrlich und klar, soulig phrasierend oder bluesig verraucht. Auch an Klavier, Percussion und Fl\u00f6ten verleiht sie H\u00fcSCH! einen einzigartigen Sound. W\u00e4hrend &hellip; <\/p>\n<p><a class=\"more-link btn\" href=\"https:\/\/www.songs-of-heimat.de\/index.php\/hanna-flock\/\">Weiterlesen<\/a><\/p>\n","protected":false},"author":2,"featured_media":0,"parent":0,"menu_order":0,"comment_status":"closed","ping_status":"closed","template":"","meta":{"footnotes":""},"class_list":["post-291","page","type-page","status-publish","hentry","nodate","item-wrap"],"_links":{"self":[{"href":"https:\/\/www.songs-of-heimat.de\/index.php\/wp-json\/wp\/v2\/pages\/291","targetHints":{"allow":["GET"]}}],"collection":[{"href":"https:\/\/www.songs-of-heimat.de\/index.php\/wp-json\/wp\/v2\/pages"}],"about":[{"href":"https:\/\/www.songs-of-heimat.de\/index.php\/wp-json\/wp\/v2\/types\/page"}],"author":[{"embeddable":true,"href":"https:\/\/www.songs-of-heimat.de\/index.php\/wp-json\/wp\/v2\/users\/2"}],"replies":[{"embeddable":true,"href":"https:\/\/www.songs-of-heimat.de\/index.php\/wp-json\/wp\/v2\/comments?post=291"}],"version-history":[{"count":15,"href":"https:\/\/www.songs-of-heimat.de\/index.php\/wp-json\/wp\/v2\/pages\/291\/revisions"}],"predecessor-version":[{"id":674,"href":"https:\/\/www.songs-of-heimat.de\/index.php\/wp-json\/wp\/v2\/pages\/291\/revisions\/674"}],"wp:attachment":[{"href":"https:\/\/www.songs-of-heimat.de\/index.php\/wp-json\/wp\/v2\/media?parent=291"}],"curies":[{"name":"wp","href":"https:\/\/api.w.org\/{rel}","templated":true}]}}