{"id":103,"date":"2016-07-20T12:54:34","date_gmt":"2016-07-20T10:54:34","guid":{"rendered":"http:\/\/huesch.janna-live.de\/?page_id=103"},"modified":"2025-12-08T22:43:34","modified_gmt":"2025-12-08T21:43:34","slug":"home","status":"publish","type":"page","link":"https:\/\/www.songs-of-heimat.de\/","title":{"rendered":"Home"},"content":{"rendered":"<p><span class=\"text\" style=\"font-family: verdana, geneva, sans-serif; font-size: 10pt;\">&#8220; H\u00fcSCH! &#8220; pr\u00e4sentiert traditionelle Musik aus dem Herzen Deutschlands und baut mit viel Sensibilit\u00e4t, Sachverstand und virtuosem Spiel eine Br\u00fccke zwischen regionaler Tradition und weltmusikalischer Moderne. Regional sind die Quellen, die Sprache und das Instrumentarium, global ist das musikalische Selbstverst\u00e4ndnis und die Sicht auf die eigenen Wurzeln. Eine frische Brise Authentizit\u00e4t und Lebendigkeit jenseits alt-ehrw\u00fcrdiger Brauchtumspflege, die die Seele einer der bezauberndsten Gegenden Deutschlands zu spiegeln v<span class=\"text\">ermag. Vergessen Sie Ihre Klischees von Volksmusik!<\/span><\/span><strong><span class=\"text\"><br \/>\n<\/span><\/strong><br \/>\n<iframe loading=\"lazy\" src=\"https:\/\/www.youtube.com\/embed\/DfZYoRaAO_s\" width=\"550\" height=\"310\" frameborder=\"0\" allowfullscreen=\"allowfullscreen\"><\/iframe><\/p>\n<h1><span style=\"font-size: 16pt;\"><strong><span style=\"font-family: verdana, geneva, sans-serif; color: #800000;\">NEUIGKEITEN:<\/span><\/strong><\/span><\/h1>\n<h1><span style=\"font-size: 16pt;\"><strong><span style=\"font-family: verdana, geneva, sans-serif;\">Dezember 2025: MDR KULTUR STUDIOKONZERT mit H\u00fcSCH!<\/span><\/strong><\/span><\/h1>\n<p><span style=\"font-family: verdana, geneva, sans-serif; font-size: 10pt;\">Beim dritten Live-Konzert in der Kantine wird es weihnachtlich. Die Band H\u00fcSCH! spielt winterlich-festliche Klassiker und anderes im Folk-Sound. Fun-Fact: H\u00fcSCH! wurde einst unter anderem gegr\u00fcndet, um die Th\u00fcringer Waldzither wieder popul\u00e4rer zu machen. Wie das im Zusammenspiel mit Weihnachten klingt, werden wir dann erleben.<span style=\"color: #800000;\"><strong> MEHR INFOS HIER<\/strong><\/span><\/span><\/p>\n<h1><span style=\"font-size: 16pt;\"><strong><span style=\"font-family: verdana, geneva, sans-serif;\">M\u00e4rz 2025: <\/span><\/strong><\/span><span style=\"font-size: 16pt;\"><strong><span style=\"font-family: verdana, geneva, sans-serif;\">Die Th\u00fcringer Waldzither ist auf der immateriellen Kulturerbeliste Deutschlands!!!<\/span><\/strong><\/span><\/h1>\n<p><span style=\"font-family: verdana, geneva, sans-serif; font-size: 10pt;\">H\u00fcSCH! wurde unter anderem gegr\u00fcndet um die &#8222;Th\u00fcringer Waldzither&#8220; wieder popul\u00e4rer zu machen. Nun ist es gelungen, dass auch offizielle Stellen das Spiel auf dem Instrument anerkennen!<\/span><\/p>\n<div class=\"paragraph \">\n<p class=\"text\"><span style=\"font-family: verdana, geneva, sans-serif; font-size: 10pt;\">Die Waldzither ist ein Zupfinstrument, das etwa um 1900 in Th\u00fcringen aufkam. Das Wissen um die Herstellung und das Spiel des klangvollen, zumeist von Gesang begleiteten Volksinstruments wurde von Waldarbeitern und Bergleuten von Generation zu Generation weitergegeben.<\/span><\/p>\n<\/div>\n<div class=\"paragraph \">\n<p class=\"text\"><span style=\"font-family: verdana, geneva, sans-serif; font-size: 10pt;\">Seit 2003 finden in Suhl Waldzither-Symposien statt, bei dem Spieler, Sammler, Historiker, Instrumentenbauer und Interessierte sich treffen und austauschen. Auch die\u00a0<span style=\"color: #800000;\"><a style=\"color: #800000;\" title=\"Th\u00fcringen: 13 tolle Ideen f\u00fcr Ausfl\u00fcge voller Kultur und Geschichte\" href=\"https:\/\/www.mdr.de\/kultur\/ausflug-tipps\/thueringen-ausflugsideen-ziele-sehenswuerdigkeiten-freiluft-kultur-102.html\">Sammlung des Hennebergischen Museums Kloster Ve\u00dfra<\/a><\/span>\u00a0im Kreis Hildburghausen umfasst einen kleinen, bedeutenden Bestand dieser historischen Musikinstrumente.<\/span><\/p>\n<p><iframe loading=\"lazy\" src=\"\/\/www.youtube.com\/embed\/Y5avkl6PD1Y?list=PLC878J8mcBo-yF2hF3sFgoWZKA3s8ZNYN&amp;index=1\" width=\"560\" height=\"314\" allowfullscreen=\"allowfullscreen\"><\/iframe><\/p>\n<\/div>\n<h1><span style=\"font-family: verdana, geneva, sans-serif; font-size: 16pt;\"><strong>Gro\u00dfes &#8222;Deutschfolk-Festival&#8220; in und um Jena vom 23.-26.09.2021\u00a0<\/strong><\/span><\/h1>\n<p><span style=\"font-family: verdana, geneva, sans-serif; font-size: 10pt;\">Ende September rund um Jena. Die B\u00e4ume schlagen noch einmal aus, die Wurzeln<\/span><br \/>\n<span style=\"font-family: verdana, geneva, sans-serif; font-size: 10pt;\">erheben sich neugierig zum Tageslicht, Fl\u00fcsse flie\u00dfen bergauf, die Unken schweigen und s\u00fcdw\u00e4rtige V\u00f6gel kehren zur\u00fcck: Auf zum 1. DeutschFolk-Festival! Das erste Mal seit Jahrzehnten findet ein hochkar\u00e4tiges Festival statt, das sich auf Musik regionaler und traditioneller Herkunft fokussiert. Das Festival pr\u00e4sentiert einige der kreativsten K\u00f6pfe der Deutschfolk-Szene. Konzerte, ein Tanzworkshop und drei Vortr\u00e4ge laden nicht nur zum H\u00f6ren, sondern auch zum Mitdenken und -tanzen ein. Drumherum geben Folksessions dem Bed\u00fcrfnis Raum, gemeinsam zu musizieren. Zum Folk geh\u00f6rt die Frage nach der deutschen Geschichte. F\u00fcr Wissbegierige werden Lesung, Ausstellungen und Gespr\u00e4ch angeboten mit den Szenekennern Bernhard Hanneken (k\u00fcnstlerischer Leiter des Rudolstadt-Festivals und Autor des Buches \u201eDeutschFolk\u201c) und Wolfgang Leyn (Autor des Buches \u201eVolkes Lied und Vater Staat\u201d, Chefredakteur www.ostfolk.de). Die DDR-Folk-Ausstellung wird bereits am 12.09. lesend er\u00f6ffnet und ist an den Festivaltagen zug\u00e4nglich. Ulf H\u00e4der (Direktor des Romantikerhauses Jena) gibt einen Einblick zur Entwicklung des Volksliedes in der Zeit der<\/span><br \/>\n<span style=\"font-family: verdana, geneva, sans-serif; font-size: 10pt;\">Romantik.<\/span><\/p>\n<p><img loading=\"lazy\" decoding=\"async\" class=\"alignnone size-full wp-image-760\" src=\"https:\/\/www.songs-of-heimat.de\/wp-content\/uploads\/2016\/07\/Deutschfolk.jpg\" alt=\"Deutschfolk\" width=\"668\" height=\"800\" srcset=\"https:\/\/www.songs-of-heimat.de\/wp-content\/uploads\/2016\/07\/Deutschfolk.jpg 668w, https:\/\/www.songs-of-heimat.de\/wp-content\/uploads\/2016\/07\/Deutschfolk-251x300.jpg 251w\" sizes=\"auto, (max-width: 668px) 100vw, 668px\" \/><\/p>\n<h4><strong><span style=\"font-family: verdana, geneva, sans-serif; font-size: 12pt;\">Programm:<\/span><\/strong><\/h4>\n<h4><span style=\"font-family: verdana, geneva, sans-serif; font-size: 10pt;\"><strong>Sonntag, 12. 09.<\/strong> <\/span><\/h4>\n<h4><span style=\"font-family: verdana, geneva, sans-serif; font-size: 10pt;\">16:00 Uhr:\u00a0<strong><span style=\"text-decoration: underline;\">Wolfgang Leyn<\/span>;\u00a0<\/strong>&#8222;Die\u00a0DDR-Folkszene 1976-90&#8220;\u00a0Lesung\/Ausstellung, Kulturkirche Jena-L\u00f6bstedt\u00a0<\/span><\/h4>\n<h4><span style=\"font-family: verdana, geneva, sans-serif; font-size: 10pt;\"><strong>Donnerstag, 23. 09.<\/strong> <\/span><\/h4>\n<h4><span style=\"font-family: verdana, geneva, sans-serif; font-size: 10pt;\">16:00 Uhr: <span style=\"text-decoration: underline;\"><strong>Tradsch<\/strong><\/span>(Th\u00fcringen); Stimmgewaltiger Saitenfolk;\u00a0<\/span><span style=\"font-family: verdana, geneva, sans-serif; font-size: 10pt;\">Konzert, Waldorfschule Jena\u00a0<\/span><br \/>\n<span style=\"font-family: verdana, geneva, sans-serif; font-size: 10pt;\">20:00 Uhr:<strong><span style=\"text-decoration: underline;\"> Session<\/span>\u00a0<\/strong>\u00a0, Distelsch\u00e4nke Jena; Jeder kann\u00a0<\/span><span style=\"font-family: verdana, geneva, sans-serif; font-size: 10pt;\">mitmachen!<\/span><\/h4>\n<h4><span style=\"font-family: verdana, geneva, sans-serif; font-size: 10pt;\"><strong>Freitag, 24. 09.<\/strong>\u00a0<\/span><\/h4>\n<h4><span style=\"font-family: verdana, geneva, sans-serif; font-size: 10pt;\">20:00 Uhr:\u00a0<span style=\"text-decoration: underline;\"><strong>Trad T\u00f6chter<\/strong><\/span> (Mecklenburg-Vorpommern\/Berlin):Neue Geigenmusik aus alten Quellen;\u00a0<\/span><span style=\"font-family: verdana, geneva, sans-serif; font-size: 10pt;\"><span style=\"text-decoration: underline;\"><strong>Gudrun Walther &amp; J\u00fcrgen Treyz<\/strong><\/span> (halb\u00a0<\/span><span style=\"font-family: verdana, geneva, sans-serif; font-size: 10pt;\"><span style=\"text-decoration: underline;\"><strong>Deitsch<\/strong><\/span>, Baden-W\u00fcrttemberg): Kraftvolle Lieder\/Bal Folk Konzert, Distelsch\u00e4nke Jena<\/span><\/h4>\n<h4><span style=\"font-family: verdana, geneva, sans-serif; font-size: 10pt;\"><strong>Samstag, 25. 09.<\/strong> <\/span><\/h4>\n<h4><span style=\"font-family: verdana, geneva, sans-serif; font-size: 10pt;\">13-15:30 Uhr Workshop, dann Tanz-Sporthalle Jena-Zw\u00e4tzen <strong><span style=\"text-decoration: underline;\">Ilmfiedelhupf<\/span><\/strong> (Th\u00fcringen): Deutsche Tanzmusik\u00a0\u00a0<\/span><\/h4>\n<h4><span style=\"font-family: verdana, geneva, sans-serif; font-size: 10pt;\">16:30 Uhr <strong>Bernhard Hanneken<\/strong> (Buch \u201eDeutschFolk\u201c)Lesung, Kulturkirche Jena-L\u00f6bstedt\u00a0<\/span><\/h4>\n<h4><span style=\"font-family: verdana, geneva, sans-serif; font-size: 10pt;\">18:30 Uhr AmViehTheater Beulbar: <strong><span style=\"text-decoration: underline;\">Unfolkkommen<\/span><\/strong><\/span><br \/>\n<span style=\"font-family: verdana, geneva, sans-serif; font-size: 10pt;\">(Sachsen): Handgemachte und schwungvolle Lieder von der Elbe; <strong><span style=\"text-decoration: underline;\">Bube Dame K\u00f6nig<\/span><\/strong><\/span><br \/>\n<span style=\"font-family: verdana, geneva, sans-serif; font-size: 10pt;\">(Sachsen-Anhalt): Von der Saale zur irischen See <strong><span style=\"text-decoration: underline;\">H\u00fcsch!<\/span><\/strong> (Th\u00fcringen): Waldzitherlastige<\/span><br \/>\n<span style=\"font-family: verdana, geneva, sans-serif; font-size: 10pt;\">Waldmusik mit einem Schuss Soul\u00a0<\/span><br \/>\n<span style=\"text-decoration: underline;\"><strong><span style=\"font-family: verdana, geneva, sans-serif; font-size: 10pt;\">Folk-Session! <\/span><\/strong><\/span><\/h4>\n<h4><span style=\"font-family: verdana, geneva, sans-serif; font-size: 10pt;\"><strong>Sonntag, 26. 09.<\/strong> <span style=\"text-decoration: underline;\"><strong>Ulf H\u00e4der<\/strong><\/span> <\/span><\/h4>\n<h4><span style=\"font-family: verdana, geneva, sans-serif; font-size: 10pt;\">14:00 Uhr Vortrag, Kulturkirche Jena-L\u00f6bstedt:\u00a0<\/span><span style=\"font-family: verdana, geneva, sans-serif; font-size: 10pt;\">(Volkslied und Romantik) <\/span><\/h4>\n<h4><span style=\"font-family: verdana, geneva, sans-serif; font-size: 10pt;\">16:00 Uhr <strong>Tworna <\/strong>(Sachsen): Alte Lieder auf dem Weg zur Moderne; Konzert, Kulturkirche Jena-L\u00f6bstedt<\/span><\/h4>\n<h4><\/h4>\n<h1><span style=\"font-size: 12pt; font-family: verdana, geneva, sans-serif;\"><strong>Dezember 2020: H\u00fcSCH! beim &#8222;solidarischen Adventskalender&#8220;<\/strong><\/span><\/h1>\n<p><span style=\"font-size: 10pt; font-family: verdana, geneva, sans-serif;\">Eine ganz besondere Weihnachtsaktion gibt es auf der Seite des Volksliedarchivs. Der musikalische\u00a0Online-Kalender soll traditionelle Weihnachtslieder vorstellen sowie\u00a0 K\u00fcnstler*innen und das Publikum zusammenf\u00fchren. Ab dem 1. Dezember gibt es jeden Tag ein Lied. Wie man es aus traditionellen Adventskalendern kennt, \u00f6ffnet sich ein T\u00fcrchen mit einem bekannten oder in Vergessenheit geratenen Weihnachtslied, eingespielt von Musikern und Bands, die derzeit ohne Einkommen dastehen. Neben den Spenden an die beteiligten Musiker und Musikerinnen gehen\u00a010% Prozent an die \u201eBremer Suppenengel\u201c zur Unterst\u00fctzung von Obdachlosen und weitere 10% Prozent an die Amadeo-Antonio-Stiftung f\u00fcr Projekte gegen Rechtsextremismus und zur Unterst\u00fctzung der Zivilgesellschaft.<\/span><\/p>\n<p><a href=\"https:\/\/www.youtube.com\/playlist?list=PL0xDO2TpXf7Nt8xOAe_26TmolVD-Vt9Z9\"><img loading=\"lazy\" decoding=\"async\" class=\"alignleft\" src=\"https:\/\/www.folkmagazin.de\/images\/media\/Der_solidarische_Adventskalender.png\" alt=\"Der solidarische Adventskalender\" width=\"945\" height=\"497\" \/><\/a><span style=\"font-family: verdana, geneva, sans-serif;\">Hier geht es zum Kalenderbeitrag:<\/span><\/p>\n<p><span style=\"text-decoration: underline; color: #000080;\"><span style=\"font-family: verdana, geneva, sans-serif;\"><a style=\"color: #000080; text-decoration: underline;\" href=\"https:\/\/www.youtube.com\/watch?v=MTVB_FswDJw&amp;fbclid=IwAR1GU7ZEt410BSaarxeWS0obNyxlurCbH-7N5LqU2Y7MFC5B-GTGboWtfhM\" target=\"_blank\" rel=\"noopener\">Youtube: Der solidarische Weihnachtskalender<\/a><\/span><\/span><\/p>\n<h4><strong><span style=\"font-family: verdana, geneva, sans-serif; font-size: 12pt;\">November 2020: H\u00fcSCH! im Radio<\/span><\/strong><\/h4>\n<h4><span style=\"font-family: verdana, geneva, sans-serif; font-size: 10pt;\">Seit geraumer Zeit kann man H\u00fcSCH! immer mal bei MDR KULTUR h\u00f6ren! Dar\u00fcber freuen wir uns nat\u00fcrlich sehr &#8211; besonders in diesen konzertarmen Zeiten!\u00a0<\/span><\/h4>\n<h4><span style=\"font-family: verdana, geneva, sans-serif; font-size: 10pt;\">Am 28.11.20 waren wir sogar zur Studiosession eingeladen, durften einige Songs spielen und wurden interviewt.\u00a0Hier zum Nachh\u00f6ren der Link zum Onlineportal von MDR Kultur:\u00a0<a href=\"https:\/\/www.mdr.de\/kultur\/radio\/alle-studiosessions-konzerte-100.html\" target=\"_blank\" rel=\"noopener\"><span style=\"text-decoration: underline;\"><span style=\"color: #000080; text-decoration: underline;\">https:\/\/www.mdr.de\/kultur\/radio\/alle-studiosessions-konzerte-100.html<\/span><\/span><\/a><\/span><\/h4>\n<p><img loading=\"lazy\" decoding=\"async\" class=\"alignnone size-full wp-image-711\" src=\"https:\/\/www.songs-of-heimat.de\/wp-content\/uploads\/2016\/07\/Screenshot-4-e1607513878317.png\" alt=\"Screenshot (4)\" width=\"737\" height=\"693\" srcset=\"https:\/\/www.songs-of-heimat.de\/wp-content\/uploads\/2016\/07\/Screenshot-4-e1607513878317.png 737w, https:\/\/www.songs-of-heimat.de\/wp-content\/uploads\/2016\/07\/Screenshot-4-e1607513878317-300x282.png 300w\" sizes=\"auto, (max-width: 737px) 100vw, 737px\" \/><\/p>\n<h4><strong><span style=\"font-size: 12pt; font-family: verdana, geneva, sans-serif;\">Sommer 2020:\u00a0<\/span><\/strong><strong><span style=\"font-family: verdana, geneva, sans-serif; font-size: 12pt;\">Ein wunderbares Konzert trotz Corona!\u00a0<\/span><\/strong><\/h4>\n<p><img loading=\"lazy\" decoding=\"async\" class=\"alignnone size-full wp-image-714\" src=\"https:\/\/www.songs-of-heimat.de\/wp-content\/uploads\/2016\/07\/Trotzburg-2020.jpg\" alt=\"Trotzburg 2020\" width=\"1824\" height=\"1368\" srcset=\"https:\/\/www.songs-of-heimat.de\/wp-content\/uploads\/2016\/07\/Trotzburg-2020.jpg 1824w, https:\/\/www.songs-of-heimat.de\/wp-content\/uploads\/2016\/07\/Trotzburg-2020-300x225.jpg 300w, https:\/\/www.songs-of-heimat.de\/wp-content\/uploads\/2016\/07\/Trotzburg-2020-768x576.jpg 768w, https:\/\/www.songs-of-heimat.de\/wp-content\/uploads\/2016\/07\/Trotzburg-2020-1024x768.jpg 1024w\" sizes=\"auto, (max-width: 1824px) 100vw, 1824px\" \/><\/p>\n<h4><strong><span style=\"font-family: verdana, geneva, sans-serif; font-size: 12pt;\">Ein neuer Beitrag von TV\u00a0SCHWERIN \u00fcber\u00a0das Konzert in der Alten Synagoge in Hagenow:<\/span><\/strong><\/h4>\n<h4><iframe loading=\"lazy\" src=\"https:\/\/www.youtube.com\/embed\/myotBesi1VA?vq=hd1080&amp;allowfullscreen&amp;controls=2&amp;rel=0\" width=\"550\" height=\"310\"><\/iframe><\/h4>\n<h4><span style=\"font-family: verdana, geneva, sans-serif;\"><strong><span style=\"color: #000000;\">Die erste\u00a0CD-Kritik aus\u00a0Belgien!!!<\/span><\/strong><\/span><\/h4>\n<p style=\"text-align: justify;\"><span style=\"color: #000000; font-family: verdana, geneva, sans-serif; font-size: 10pt;\"><strong>&#8222;Le Canard Folk&#8220;<\/strong> &#8211; Sep 2016<\/span><\/p>\n<p style=\"text-align: justify;\"><span style=\"color: #800000; font-family: verdana, geneva, sans-serif; font-size: 10pt;\"><strong>H\u00fcsch !<\/strong> : Jetzt, Heut und Hier (CPL-Music CPL011)<\/span><\/p>\n<p style=\"text-align: justify;\"><span style=\"color: #000000; font-family: verdana, geneva, sans-serif; font-size: 10pt;\">La Thuringe est une r\u00e9gion allemande o\u00f9 jadis chaque village avait son dialecte, et deux des musiciens chantent ici dans de tels dialectes. Il est ind\u00e9niable qu\u2019il existe peu de groupes de musique traditionnelle allemande, c\u2019est donc avec curiosit\u00e9 qu\u2019on ouvre cet album de chansons d\u2019amour et de chasse ainsi que de danses. Premi\u00e8re constatation : les th\u00e8mes de chansons populaires sont transnationaux, avec le moine qui accepte de danser pour se trouver une compagne, l\u2019arriv\u00e9e du printemps, les tisserands, &#8230; Deuxi\u00e8me constatation : nos comp\u00e8res aiment la musique celtique, au point que leur interpr\u00e9tation fait parfois penser \u00e0 des chansons irlandaises qui auraient \u00e9t\u00e9 traduites. Hanna Flock (chant, piano, fl\u00fbte, cajon), Nico Schneider (chant, waldzither, banjo, accord\u00e9on diatonique), Tim Liebert (chant, waldzither, fl\u00fbte, harmonica), Jachim Rosenbr\u00fcck (chant, waldzither, alto, guitare, tambour) et quelques invit\u00e9s (dont une fl\u00fbte irlandaise) composent \u00e9galement et ratissent large (jusqu\u2019\u00e0 un menuet de Bach) tout en livrant une prestation harmonieuse, chaleureuse, qui fait bien plaisir!<\/span><\/p>\n<p style=\"text-align: justify;\"><span style=\"color: #000000; font-family: verdana, geneva, sans-serif; font-size: 10pt;\">(www.songs-of-heimat.de, www.cpl-music.de).<\/span><\/p>\n<p style=\"text-align: justify;\"><strong><span style=\"color: #800000; font-family: verdana, geneva, sans-serif; font-size: 10pt;\">\u00dcbersetzung:<\/span><\/strong><\/p>\n<p style=\"text-align: justify;\"><span style=\"color: #000000; font-family: verdana, geneva, sans-serif; font-size: 10pt;\">Th\u00fcringen ist eine deutsche Region, in der einst jedes Dorf seinen eigenen Dialekt pflegte. Zwei der Musiker singen auf diesem Album in derartigen Dialekten. Es l\u00e4sst sich nicht leugnen, dass es nur eine Handvoll traditioneller Musikgruppen in Deutschland gibt. Daher \u00f6ffnen wir neugierig dieses Album mit Liebes-, Jagd- und Tanzliedern. Die erste Feststellung: Die Themen der Volkslieder sind l\u00e4nder\u00fcbergreifend; der M\u00f6nch, der sich zum Tanzen auffordern l\u00e4sst, um eine Gef\u00e4hrtin zu finden, die Ankunft des Fr\u00fchlings, die Weber&#8230; Zweite Feststellung: Unsere Kollegen m\u00f6gen keltische Musik, so sehr, dass ihre Interpretationen bisweilen an ins Deutsche \u00fcbersetzte irische Lieder erinnern. Hanna Flock (Gesang, Piano, Fl\u00f6te, Cajon), Nico Schneider (Gesang, Waldzither, Banjo, diatonisches Akkordeon), Tim Liebert (Gesang, Waldzither, Fl\u00f6te, Mundharmonika), Jachim Rosenbr\u00fcck (Gesang, Waldzither, Geige, Gitarre, Cajon und einige G\u00e4ste (darunter irische Fl\u00f6te) bringen auch eigene Kompositionen zu Geh\u00f6r und holen weit aus (bis hin zu Bachs Menuett), liefern aber gleichzeitig eine harmonische, liebevolle Darbietung, die richtig Spa\u00df macht!<\/span><\/p>\n<p style=\"text-align: justify;\"><span style=\"color: #000000; font-family: verdana, geneva, sans-serif; font-size: 10pt;\">(www.songs-of-heimat.de, www.cpl-music.de).<\/span><\/p>\n","protected":false},"excerpt":{"rendered":"<p>&#8220; H\u00fcSCH! &#8220; pr\u00e4sentiert traditionelle Musik aus dem Herzen Deutschlands und baut mit viel Sensibilit\u00e4t, Sachverstand und virtuosem Spiel eine Br\u00fccke zwischen regionaler Tradition und weltmusikalischer Moderne. Regional sind die Quellen, die Sprache und das Instrumentarium, global ist das musikalische Selbstverst\u00e4ndnis und die Sicht auf die eigenen Wurzeln. Eine frische Brise Authentizit\u00e4t und Lebendigkeit jenseits &hellip; <\/p>\n<p><a class=\"more-link btn\" href=\"https:\/\/www.songs-of-heimat.de\/\">Weiterlesen<\/a><\/p>\n","protected":false},"author":2,"featured_media":0,"parent":0,"menu_order":0,"comment_status":"closed","ping_status":"closed","template":"","meta":{"footnotes":""},"class_list":["post-103","page","type-page","status-publish","hentry","nodate","item-wrap"],"_links":{"self":[{"href":"https:\/\/www.songs-of-heimat.de\/index.php\/wp-json\/wp\/v2\/pages\/103","targetHints":{"allow":["GET"]}}],"collection":[{"href":"https:\/\/www.songs-of-heimat.de\/index.php\/wp-json\/wp\/v2\/pages"}],"about":[{"href":"https:\/\/www.songs-of-heimat.de\/index.php\/wp-json\/wp\/v2\/types\/page"}],"author":[{"embeddable":true,"href":"https:\/\/www.songs-of-heimat.de\/index.php\/wp-json\/wp\/v2\/users\/2"}],"replies":[{"embeddable":true,"href":"https:\/\/www.songs-of-heimat.de\/index.php\/wp-json\/wp\/v2\/comments?post=103"}],"version-history":[{"count":47,"href":"https:\/\/www.songs-of-heimat.de\/index.php\/wp-json\/wp\/v2\/pages\/103\/revisions"}],"predecessor-version":[{"id":902,"href":"https:\/\/www.songs-of-heimat.de\/index.php\/wp-json\/wp\/v2\/pages\/103\/revisions\/902"}],"wp:attachment":[{"href":"https:\/\/www.songs-of-heimat.de\/index.php\/wp-json\/wp\/v2\/media?parent=103"}],"curies":[{"name":"wp","href":"https:\/\/api.w.org\/{rel}","templated":true}]}}